{"id":15,"date":"2026-03-06T12:34:39","date_gmt":"2026-03-06T11:34:39","guid":{"rendered":"https:\/\/wp.malowanebrzegi.pl\/?page_id=15"},"modified":"2026-04-02T13:08:29","modified_gmt":"2026-04-02T11:08:29","slug":"malowanie-jednokolorowe","status":"publish","type":"page","link":"https:\/\/stage.malowanebrzegi.pl\/?page_id=15","title":{"rendered":"Malowanie jednokolorowe"},"content":{"rendered":"\n<main class=\"wp-block-group is-layout-flow wp-block-group-is-layout-flow\" style=\"margin-top:0;margin-bottom:0;padding-top:0;padding-right:0;padding-bottom:0;padding-left:0\">\n<section class=\"wp-block-cover r-cover\" style=\"margin-top:0;margin-bottom:0;min-height:266px;aspect-ratio:unset;\"><img loading=\"lazy\" decoding=\"async\" width=\"1024\" height=\"768\" class=\"wp-block-cover__image-background wp-image-117 size-large\" alt=\"Malowane brzegi - jednokolorowe\" src=\"https:\/\/stage.malowanebrzegi.pl\/wp-content\/uploads\/2026\/03\/Malowanie-jednokolorowe-1024x768.webp\" data-object-fit=\"cover\" srcset=\"https:\/\/stage.malowanebrzegi.pl\/wp-content\/uploads\/2026\/03\/Malowanie-jednokolorowe-1024x768.webp 1024w, https:\/\/stage.malowanebrzegi.pl\/wp-content\/uploads\/2026\/03\/Malowanie-jednokolorowe-300x225.webp 300w, https:\/\/stage.malowanebrzegi.pl\/wp-content\/uploads\/2026\/03\/Malowanie-jednokolorowe-768x576.webp 768w, https:\/\/stage.malowanebrzegi.pl\/wp-content\/uploads\/2026\/03\/Malowanie-jednokolorowe.webp 1440w\" sizes=\"auto, (max-width: 1024px) 100vw, 1024px\" \/><span aria-hidden=\"true\" class=\"wp-block-cover__background has-black-background-color has-background-dim-60 has-background-dim\"><\/span><div class=\"wp-block-cover__inner-container is-layout-flow wp-block-cover-is-layout-flow\">\n<div class=\"wp-block-group consultinggrove-dark-inner-content has-global-padding is-layout-constrained wp-container-core-group-is-layout-f36bc466 wp-block-group-is-layout-constrained\">\n<h2 class=\"wp-block-heading has-text-align-center has-white-text-color-color has-text-color has-link-color wp-elements-4b2c6c107401150cce8832916c44e3c2\" style=\"font-size:clamp(31.609px, 1.976rem + ((1vw - 3.2px) * 1.648), 56px);\">Malowanie jednokolorowe<\/h2>\n<\/div>\n<\/div><\/section>\n<\/main>\n\n\n\n<div class=\"wp-block-group has-global-padding is-layout-constrained wp-block-group-is-layout-constrained\">\n<p style=\"margin-top:var(--wp--preset--spacing--40)\"><strong>Jednokolorowe brzegi ksi\u0105\u017cek<\/strong> to najprostsza, ale jednocze\u015bnie bardzo elegancka forma zdobienia. Jeden starannie dobrany kolor potrafi ca\u0142kowicie odmieni\u0107 wygl\u0105d ksi\u0105\u017cki \u2013 dodaje jej uroku, estetyki i subtelnie wyr\u00f3\u017cnia j\u0105 na p\u00f3\u0142ce. To \u015bwietny wyb\u00f3r dla os\u00f3b, kt\u00f3re ceni\u0105 minimalizm &#8211;  bo czasem mniej znaczy wi\u0119cej!<\/p>\n\n\n\n<p style=\"margin-top:var(--wp--preset--spacing--10)\">Jednokolorowe brzegi szczeg\u00f3lnie pasuj\u0105 do klasyki, ksi\u0105\u017cek z bogato zdobionymi ok\u0142adkami oraz tych tytu\u0142\u00f3w, kt\u00f3re po prostu nie potrzebuj\u0105 \u017cadnych dodatkowych ozd\u00f3b. Taki wariant sprawdza si\u0119 szczeg\u00f3lnie dobrze, gdy chcesz dopasowa\u0107 kolor brzegu do ok\u0142adki, albo wr\u0119cz przeciwnie, postawi\u0107 na kontrastowe barwy, kt\u00f3ych po\u0142\u0105czenie nada ksi\u0105\u017cce charakteru. Dzi\u0119ki tej opcji literackie serie mog\u0105 tworzy\u0107 pi\u0119kn\u0105, harmonijn\u0105 kolekcj\u0119 \u2013 w jednolitym odcieniu, albo w starannie dobranej palecie barw.<\/p>\n\n\n\n<p>Jednokolorowe brzegi s\u0105 te\u017c \u015bwietnym punktem wyj\u015bcia dla rozpocz\u0119cia przygody z personalizacj\u0105 ksi\u0105\u017cek. Chcesz sprawdzi\u0107, jak to wygl\u0105da, czy farba nie skleja kartek albo czy kolorowy brzeg nie b\u0119dzie rozprasza\u0142 Ci\u0119 podczas czytania? Zam\u00f3w ten prosty wariant w korzystnej cenie i przekonaj si\u0119, jak pi\u0119kn\u0105 ozdob\u0105 Twojej biblioteczki mo\u017ce by\u0107 pomalowana r\u0119cznie ksi\u0105\u017cka!<\/p>\n\n\n\n<p style=\"margin-bottom:var(--wp--preset--spacing--40)\">Zobacz, jak w tym stylu prezentuje si\u0119 moja ulubiona trylogia <strong>Vortex<\/strong> czy bestsellerowa powie\u015b\u0107 <strong>,,Siedmiu m\u0119\u017c\u00f3w Evelyn Hugo&#8221;<\/strong>.<\/p>\n<\/div>\n\n\n\n<div class=\"wp-block-group has-global-padding is-layout-constrained wp-block-group-is-layout-constrained\">\n<figure class=\"wp-block-gallery has-nested-images columns-default is-cropped wp-block-gallery-1 is-layout-flex wp-block-gallery-is-layout-flex\">\n<figure data-wp-context=\"{&quot;imageId&quot;:&quot;69ef1b2244954&quot;}\" data-wp-interactive=\"core\/image\" data-wp-key=\"69ef1b2244954\" class=\"wp-block-image size-large wp-lightbox-container\"><img loading=\"lazy\" decoding=\"async\" width=\"576\" height=\"1024\" data-wp-class--hide=\"state.isContentHidden\" data-wp-class--show=\"state.isContentVisible\" data-wp-init=\"callbacks.setButtonStyles\" data-wp-on--click=\"actions.showLightbox\" data-wp-on--load=\"callbacks.setButtonStyles\" data-wp-on-window--resize=\"callbacks.setButtonStyles\" data-id=\"434\" src=\"https:\/\/stage.malowanebrzegi.pl\/wp-content\/uploads\/2026\/03\/4_w-3-576x1024.webp\" alt=\"\" class=\"wp-image-434\" srcset=\"https:\/\/stage.malowanebrzegi.pl\/wp-content\/uploads\/2026\/03\/4_w-3-576x1024.webp 576w, https:\/\/stage.malowanebrzegi.pl\/wp-content\/uploads\/2026\/03\/4_w-3-169x300.webp 169w, https:\/\/stage.malowanebrzegi.pl\/wp-content\/uploads\/2026\/03\/4_w-3-768x1365.webp 768w, https:\/\/stage.malowanebrzegi.pl\/wp-content\/uploads\/2026\/03\/4_w-3-864x1536.webp 864w, https:\/\/stage.malowanebrzegi.pl\/wp-content\/uploads\/2026\/03\/4_w-3.webp 1080w\" sizes=\"auto, (max-width: 576px) 100vw, 576px\" \/><button\n\t\t\tclass=\"lightbox-trigger\"\n\t\t\ttype=\"button\"\n\t\t\taria-haspopup=\"dialog\"\n\t\t\taria-label=\"Powi\u0119ksz\"\n\t\t\tdata-wp-init=\"callbacks.initTriggerButton\"\n\t\t\tdata-wp-on--click=\"actions.showLightbox\"\n\t\t\tdata-wp-style--right=\"state.imageButtonRight\"\n\t\t\tdata-wp-style--top=\"state.imageButtonTop\"\n\t\t>\n\t\t\t<svg xmlns=\"http:\/\/www.w3.org\/2000\/svg\" width=\"12\" height=\"12\" fill=\"none\" viewBox=\"0 0 12 12\">\n\t\t\t\t<path fill=\"#fff\" d=\"M2 0a2 2 0 0 0-2 2v2h1.5V2a.5.5 0 0 1 .5-.5h2V0H2Zm2 10.5H2a.5.5 0 0 1-.5-.5V8H0v2a2 2 0 0 0 2 2h2v-1.5ZM8 12v-1.5h2a.5.5 0 0 0 .5-.5V8H12v2a2 2 0 0 1-2 2H8Zm2-12a2 2 0 0 1 2 2v2h-1.5V2a.5.5 0 0 0-.5-.5H8V0h2Z\" \/>\n\t\t\t<\/svg>\n\t\t<\/button><\/figure>\n\n\n\n<figure data-wp-context=\"{&quot;imageId&quot;:&quot;69ef1b2244c4a&quot;}\" data-wp-interactive=\"core\/image\" data-wp-key=\"69ef1b2244c4a\" class=\"wp-block-image size-large wp-lightbox-container\"><img loading=\"lazy\" decoding=\"async\" width=\"576\" height=\"1024\" data-wp-class--hide=\"state.isContentHidden\" data-wp-class--show=\"state.isContentVisible\" data-wp-init=\"callbacks.setButtonStyles\" data-wp-on--click=\"actions.showLightbox\" data-wp-on--load=\"callbacks.setButtonStyles\" data-wp-on-window--resize=\"callbacks.setButtonStyles\" data-id=\"433\" src=\"https:\/\/stage.malowanebrzegi.pl\/wp-content\/uploads\/2026\/03\/3_w-2-576x1024.webp\" alt=\"\" class=\"wp-image-433\" srcset=\"https:\/\/stage.malowanebrzegi.pl\/wp-content\/uploads\/2026\/03\/3_w-2-576x1024.webp 576w, https:\/\/stage.malowanebrzegi.pl\/wp-content\/uploads\/2026\/03\/3_w-2-169x300.webp 169w, https:\/\/stage.malowanebrzegi.pl\/wp-content\/uploads\/2026\/03\/3_w-2-768x1365.webp 768w, https:\/\/stage.malowanebrzegi.pl\/wp-content\/uploads\/2026\/03\/3_w-2-864x1536.webp 864w, https:\/\/stage.malowanebrzegi.pl\/wp-content\/uploads\/2026\/03\/3_w-2.webp 1080w\" sizes=\"auto, (max-width: 576px) 100vw, 576px\" \/><button\n\t\t\tclass=\"lightbox-trigger\"\n\t\t\ttype=\"button\"\n\t\t\taria-haspopup=\"dialog\"\n\t\t\taria-label=\"Powi\u0119ksz\"\n\t\t\tdata-wp-init=\"callbacks.initTriggerButton\"\n\t\t\tdata-wp-on--click=\"actions.showLightbox\"\n\t\t\tdata-wp-style--right=\"state.imageButtonRight\"\n\t\t\tdata-wp-style--top=\"state.imageButtonTop\"\n\t\t>\n\t\t\t<svg xmlns=\"http:\/\/www.w3.org\/2000\/svg\" width=\"12\" height=\"12\" fill=\"none\" viewBox=\"0 0 12 12\">\n\t\t\t\t<path fill=\"#fff\" d=\"M2 0a2 2 0 0 0-2 2v2h1.5V2a.5.5 0 0 1 .5-.5h2V0H2Zm2 10.5H2a.5.5 0 0 1-.5-.5V8H0v2a2 2 0 0 0 2 2h2v-1.5ZM8 12v-1.5h2a.5.5 0 0 0 .5-.5V8H12v2a2 2 0 0 1-2 2H8Zm2-12a2 2 0 0 1 2 2v2h-1.5V2a.5.5 0 0 0-.5-.5H8V0h2Z\" \/>\n\t\t\t<\/svg>\n\t\t<\/button><\/figure>\n\n\n\n<figure data-wp-context=\"{&quot;imageId&quot;:&quot;69ef1b2244e4c&quot;}\" data-wp-interactive=\"core\/image\" data-wp-key=\"69ef1b2244e4c\" class=\"wp-block-image size-large wp-lightbox-container\"><img loading=\"lazy\" decoding=\"async\" width=\"576\" height=\"1024\" data-wp-class--hide=\"state.isContentHidden\" data-wp-class--show=\"state.isContentVisible\" data-wp-init=\"callbacks.setButtonStyles\" data-wp-on--click=\"actions.showLightbox\" data-wp-on--load=\"callbacks.setButtonStyles\" data-wp-on-window--resize=\"callbacks.setButtonStyles\" data-id=\"432\" src=\"https:\/\/stage.malowanebrzegi.pl\/wp-content\/uploads\/2026\/03\/2_w-1-576x1024.webp\" alt=\"\" class=\"wp-image-432\" srcset=\"https:\/\/stage.malowanebrzegi.pl\/wp-content\/uploads\/2026\/03\/2_w-1-576x1024.webp 576w, https:\/\/stage.malowanebrzegi.pl\/wp-content\/uploads\/2026\/03\/2_w-1-169x300.webp 169w, https:\/\/stage.malowanebrzegi.pl\/wp-content\/uploads\/2026\/03\/2_w-1-768x1365.webp 768w, https:\/\/stage.malowanebrzegi.pl\/wp-content\/uploads\/2026\/03\/2_w-1-864x1536.webp 864w, https:\/\/stage.malowanebrzegi.pl\/wp-content\/uploads\/2026\/03\/2_w-1.webp 1080w\" sizes=\"auto, (max-width: 576px) 100vw, 576px\" \/><button\n\t\t\tclass=\"lightbox-trigger\"\n\t\t\ttype=\"button\"\n\t\t\taria-haspopup=\"dialog\"\n\t\t\taria-label=\"Powi\u0119ksz\"\n\t\t\tdata-wp-init=\"callbacks.initTriggerButton\"\n\t\t\tdata-wp-on--click=\"actions.showLightbox\"\n\t\t\tdata-wp-style--right=\"state.imageButtonRight\"\n\t\t\tdata-wp-style--top=\"state.imageButtonTop\"\n\t\t>\n\t\t\t<svg xmlns=\"http:\/\/www.w3.org\/2000\/svg\" width=\"12\" height=\"12\" fill=\"none\" viewBox=\"0 0 12 12\">\n\t\t\t\t<path fill=\"#fff\" d=\"M2 0a2 2 0 0 0-2 2v2h1.5V2a.5.5 0 0 1 .5-.5h2V0H2Zm2 10.5H2a.5.5 0 0 1-.5-.5V8H0v2a2 2 0 0 0 2 2h2v-1.5ZM8 12v-1.5h2a.5.5 0 0 0 .5-.5V8H12v2a2 2 0 0 1-2 2H8Zm2-12a2 2 0 0 1 2 2v2h-1.5V2a.5.5 0 0 0-.5-.5H8V0h2Z\" \/>\n\t\t\t<\/svg>\n\t\t<\/button><\/figure>\n\n\n\n<figure data-wp-context=\"{&quot;imageId&quot;:&quot;69ef1b22450cc&quot;}\" data-wp-interactive=\"core\/image\" data-wp-key=\"69ef1b22450cc\" class=\"wp-block-image size-large wp-lightbox-container\"><img loading=\"lazy\" decoding=\"async\" width=\"576\" height=\"1024\" data-wp-class--hide=\"state.isContentHidden\" data-wp-class--show=\"state.isContentVisible\" data-wp-init=\"callbacks.setButtonStyles\" data-wp-on--click=\"actions.showLightbox\" data-wp-on--load=\"callbacks.setButtonStyles\" data-wp-on-window--resize=\"callbacks.setButtonStyles\" data-id=\"294\" src=\"https:\/\/stage.malowanebrzegi.pl\/wp-content\/uploads\/2026\/03\/29_w-1-576x1024.webp\" alt=\"\" class=\"wp-image-294\" srcset=\"https:\/\/stage.malowanebrzegi.pl\/wp-content\/uploads\/2026\/03\/29_w-1-576x1024.webp 576w, https:\/\/stage.malowanebrzegi.pl\/wp-content\/uploads\/2026\/03\/29_w-1-169x300.webp 169w, https:\/\/stage.malowanebrzegi.pl\/wp-content\/uploads\/2026\/03\/29_w-1-768x1365.webp 768w, https:\/\/stage.malowanebrzegi.pl\/wp-content\/uploads\/2026\/03\/29_w-1-864x1536.webp 864w, https:\/\/stage.malowanebrzegi.pl\/wp-content\/uploads\/2026\/03\/29_w-1.webp 1080w\" sizes=\"auto, (max-width: 576px) 100vw, 576px\" \/><button\n\t\t\tclass=\"lightbox-trigger\"\n\t\t\ttype=\"button\"\n\t\t\taria-haspopup=\"dialog\"\n\t\t\taria-label=\"Powi\u0119ksz\"\n\t\t\tdata-wp-init=\"callbacks.initTriggerButton\"\n\t\t\tdata-wp-on--click=\"actions.showLightbox\"\n\t\t\tdata-wp-style--right=\"state.imageButtonRight\"\n\t\t\tdata-wp-style--top=\"state.imageButtonTop\"\n\t\t>\n\t\t\t<svg xmlns=\"http:\/\/www.w3.org\/2000\/svg\" width=\"12\" height=\"12\" fill=\"none\" viewBox=\"0 0 12 12\">\n\t\t\t\t<path fill=\"#fff\" d=\"M2 0a2 2 0 0 0-2 2v2h1.5V2a.5.5 0 0 1 .5-.5h2V0H2Zm2 10.5H2a.5.5 0 0 1-.5-.5V8H0v2a2 2 0 0 0 2 2h2v-1.5ZM8 12v-1.5h2a.5.5 0 0 0 .5-.5V8H12v2a2 2 0 0 1-2 2H8Zm2-12a2 2 0 0 1 2 2v2h-1.5V2a.5.5 0 0 0-.5-.5H8V0h2Z\" \/>\n\t\t\t<\/svg>\n\t\t<\/button><\/figure>\n\n\n\n<figure data-wp-context=\"{&quot;imageId&quot;:&quot;69ef1b22452ac&quot;}\" data-wp-interactive=\"core\/image\" data-wp-key=\"69ef1b22452ac\" class=\"wp-block-image size-large wp-lightbox-container\"><img loading=\"lazy\" decoding=\"async\" width=\"576\" height=\"1024\" data-wp-class--hide=\"state.isContentHidden\" data-wp-class--show=\"state.isContentVisible\" data-wp-init=\"callbacks.setButtonStyles\" data-wp-on--click=\"actions.showLightbox\" data-wp-on--load=\"callbacks.setButtonStyles\" data-wp-on-window--resize=\"callbacks.setButtonStyles\" data-id=\"436\" src=\"https:\/\/stage.malowanebrzegi.pl\/wp-content\/uploads\/2026\/03\/6_w-2-576x1024.webp\" alt=\"\" class=\"wp-image-436\" srcset=\"https:\/\/stage.malowanebrzegi.pl\/wp-content\/uploads\/2026\/03\/6_w-2-576x1024.webp 576w, https:\/\/stage.malowanebrzegi.pl\/wp-content\/uploads\/2026\/03\/6_w-2-169x300.webp 169w, https:\/\/stage.malowanebrzegi.pl\/wp-content\/uploads\/2026\/03\/6_w-2-768x1365.webp 768w, https:\/\/stage.malowanebrzegi.pl\/wp-content\/uploads\/2026\/03\/6_w-2-864x1536.webp 864w, https:\/\/stage.malowanebrzegi.pl\/wp-content\/uploads\/2026\/03\/6_w-2.webp 1080w\" sizes=\"auto, (max-width: 576px) 100vw, 576px\" \/><button\n\t\t\tclass=\"lightbox-trigger\"\n\t\t\ttype=\"button\"\n\t\t\taria-haspopup=\"dialog\"\n\t\t\taria-label=\"Powi\u0119ksz\"\n\t\t\tdata-wp-init=\"callbacks.initTriggerButton\"\n\t\t\tdata-wp-on--click=\"actions.showLightbox\"\n\t\t\tdata-wp-style--right=\"state.imageButtonRight\"\n\t\t\tdata-wp-style--top=\"state.imageButtonTop\"\n\t\t>\n\t\t\t<svg xmlns=\"http:\/\/www.w3.org\/2000\/svg\" width=\"12\" height=\"12\" fill=\"none\" viewBox=\"0 0 12 12\">\n\t\t\t\t<path fill=\"#fff\" d=\"M2 0a2 2 0 0 0-2 2v2h1.5V2a.5.5 0 0 1 .5-.5h2V0H2Zm2 10.5H2a.5.5 0 0 1-.5-.5V8H0v2a2 2 0 0 0 2 2h2v-1.5ZM8 12v-1.5h2a.5.5 0 0 0 .5-.5V8H12v2a2 2 0 0 1-2 2H8Zm2-12a2 2 0 0 1 2 2v2h-1.5V2a.5.5 0 0 0-.5-.5H8V0h2Z\" \/>\n\t\t\t<\/svg>\n\t\t<\/button><\/figure>\n\n\n\n<figure data-wp-context=\"{&quot;imageId&quot;:&quot;69ef1b224546d&quot;}\" data-wp-interactive=\"core\/image\" data-wp-key=\"69ef1b224546d\" class=\"wp-block-image size-large wp-lightbox-container\"><img loading=\"lazy\" decoding=\"async\" width=\"576\" height=\"1024\" data-wp-class--hide=\"state.isContentHidden\" data-wp-class--show=\"state.isContentVisible\" data-wp-init=\"callbacks.setButtonStyles\" data-wp-on--click=\"actions.showLightbox\" data-wp-on--load=\"callbacks.setButtonStyles\" data-wp-on-window--resize=\"callbacks.setButtonStyles\" data-id=\"435\" src=\"https:\/\/stage.malowanebrzegi.pl\/wp-content\/uploads\/2026\/03\/5_w-3-576x1024.webp\" alt=\"\" class=\"wp-image-435\" srcset=\"https:\/\/stage.malowanebrzegi.pl\/wp-content\/uploads\/2026\/03\/5_w-3-576x1024.webp 576w, https:\/\/stage.malowanebrzegi.pl\/wp-content\/uploads\/2026\/03\/5_w-3-169x300.webp 169w, https:\/\/stage.malowanebrzegi.pl\/wp-content\/uploads\/2026\/03\/5_w-3-768x1365.webp 768w, https:\/\/stage.malowanebrzegi.pl\/wp-content\/uploads\/2026\/03\/5_w-3-864x1536.webp 864w, https:\/\/stage.malowanebrzegi.pl\/wp-content\/uploads\/2026\/03\/5_w-3.webp 1080w\" sizes=\"auto, (max-width: 576px) 100vw, 576px\" \/><button\n\t\t\tclass=\"lightbox-trigger\"\n\t\t\ttype=\"button\"\n\t\t\taria-haspopup=\"dialog\"\n\t\t\taria-label=\"Powi\u0119ksz\"\n\t\t\tdata-wp-init=\"callbacks.initTriggerButton\"\n\t\t\tdata-wp-on--click=\"actions.showLightbox\"\n\t\t\tdata-wp-style--right=\"state.imageButtonRight\"\n\t\t\tdata-wp-style--top=\"state.imageButtonTop\"\n\t\t>\n\t\t\t<svg xmlns=\"http:\/\/www.w3.org\/2000\/svg\" width=\"12\" height=\"12\" fill=\"none\" viewBox=\"0 0 12 12\">\n\t\t\t\t<path fill=\"#fff\" d=\"M2 0a2 2 0 0 0-2 2v2h1.5V2a.5.5 0 0 1 .5-.5h2V0H2Zm2 10.5H2a.5.5 0 0 1-.5-.5V8H0v2a2 2 0 0 0 2 2h2v-1.5ZM8 12v-1.5h2a.5.5 0 0 0 .5-.5V8H12v2a2 2 0 0 1-2 2H8Zm2-12a2 2 0 0 1 2 2v2h-1.5V2a.5.5 0 0 0-.5-.5H8V0h2Z\" \/>\n\t\t\t<\/svg>\n\t\t<\/button><\/figure>\n<\/figure>\n<\/div>\n","protected":false},"excerpt":{"rendered":"<p>Jednokolorowe brzegi ksi\u0105\u017cek to najprostsza, ale jednocze\u015bnie bardzo elegancka forma zdobienia. Jeden starannie dobrany kolor potrafi ca\u0142kowicie odmieni\u0107 wygl\u0105d ksi\u0105\u017cki \u2013 dodaje jej uroku, estetyki i subtelnie wyr\u00f3\u017cnia j\u0105 na p\u00f3\u0142ce. To \u015bwietny wyb\u00f3r dla os\u00f3b, kt\u00f3re ceni\u0105 minimalizm &#8211; bo czasem mniej znaczy wi\u0119cej! Jednokolorowe brzegi szczeg\u00f3lnie pasuj\u0105 do klasyki, ksi\u0105\u017cek z bogato zdobionymi [&hellip;]<\/p>\n","protected":false},"author":1,"featured_media":0,"parent":0,"menu_order":0,"comment_status":"closed","ping_status":"closed","template":"full-width","meta":{"footnotes":""},"class_list":["post-15","page","type-page","status-publish","hentry"],"_links":{"self":[{"href":"https:\/\/stage.malowanebrzegi.pl\/index.php?rest_route=\/wp\/v2\/pages\/15","targetHints":{"allow":["GET"]}}],"collection":[{"href":"https:\/\/stage.malowanebrzegi.pl\/index.php?rest_route=\/wp\/v2\/pages"}],"about":[{"href":"https:\/\/stage.malowanebrzegi.pl\/index.php?rest_route=\/wp\/v2\/types\/page"}],"author":[{"embeddable":true,"href":"https:\/\/stage.malowanebrzegi.pl\/index.php?rest_route=\/wp\/v2\/users\/1"}],"replies":[{"embeddable":true,"href":"https:\/\/stage.malowanebrzegi.pl\/index.php?rest_route=%2Fwp%2Fv2%2Fcomments&post=15"}],"version-history":[{"count":19,"href":"https:\/\/stage.malowanebrzegi.pl\/index.php?rest_route=\/wp\/v2\/pages\/15\/revisions"}],"predecessor-version":[{"id":491,"href":"https:\/\/stage.malowanebrzegi.pl\/index.php?rest_route=\/wp\/v2\/pages\/15\/revisions\/491"}],"wp:attachment":[{"href":"https:\/\/stage.malowanebrzegi.pl\/index.php?rest_route=%2Fwp%2Fv2%2Fmedia&parent=15"}],"curies":[{"name":"wp","href":"https:\/\/api.w.org\/{rel}","templated":true}]}}