{"id":2,"date":"2026-02-27T15:22:58","date_gmt":"2026-02-27T14:22:58","guid":{"rendered":"https:\/\/wp.malowanebrzegi.pl\/?page_id=2"},"modified":"2026-04-02T12:58:53","modified_gmt":"2026-04-02T10:58:53","slug":"przykladowa-strona","status":"publish","type":"page","link":"https:\/\/stage.malowanebrzegi.pl\/?page_id=2","title":{"rendered":"Cennik"},"content":{"rendered":"\n<main class=\"wp-block-group is-layout-flow wp-block-group-is-layout-flow\" style=\"margin-top:0;margin-bottom:0;padding-top:0;padding-right:0;padding-bottom:0;padding-left:0\">\n<section class=\"wp-block-cover r-cover\" style=\"margin-top:0;margin-bottom:0;min-height:266px;aspect-ratio:unset;\"><img loading=\"lazy\" decoding=\"async\" width=\"1024\" height=\"341\" class=\"wp-block-cover__image-background wp-image-370 size-large\" alt=\"Ksi\u0105\u017cki z malowanymi brzegami\" src=\"https:\/\/stage.malowanebrzegi.pl\/wp-content\/uploads\/2026\/03\/Projekt-bez-nazwy-7_w-1024x341.webp\" data-object-fit=\"cover\" srcset=\"https:\/\/stage.malowanebrzegi.pl\/wp-content\/uploads\/2026\/03\/Projekt-bez-nazwy-7_w-1024x341.webp 1024w, https:\/\/stage.malowanebrzegi.pl\/wp-content\/uploads\/2026\/03\/Projekt-bez-nazwy-7_w-300x100.webp 300w, https:\/\/stage.malowanebrzegi.pl\/wp-content\/uploads\/2026\/03\/Projekt-bez-nazwy-7_w-768x256.webp 768w, https:\/\/stage.malowanebrzegi.pl\/wp-content\/uploads\/2026\/03\/Projekt-bez-nazwy-7_w-1536x512.webp 1536w, https:\/\/stage.malowanebrzegi.pl\/wp-content\/uploads\/2026\/03\/Projekt-bez-nazwy-7_w.webp 1800w\" sizes=\"auto, (max-width: 1024px) 100vw, 1024px\" \/><span aria-hidden=\"true\" class=\"wp-block-cover__background has-black-background-color has-background-dim-60 has-background-dim\"><\/span><div class=\"wp-block-cover__inner-container is-layout-flow wp-block-cover-is-layout-flow\">\n<div class=\"wp-block-group consultinggrove-dark-inner-content has-global-padding is-layout-constrained wp-container-core-group-is-layout-f36bc466 wp-block-group-is-layout-constrained\">\n<h2 class=\"wp-block-heading has-text-align-center has-white-text-color-color has-text-color has-link-color wp-elements-006746591941b248ecaeb2b898b4d9a3\" style=\"font-size:clamp(31.609px, 1.976rem + ((1vw - 3.2px) * 1.648), 56px);\">Cennik<\/h2>\n<\/div>\n<\/div><\/section>\n<\/main>\n\n\n\n<p style=\"margin-top:var(--wp--preset--spacing--40);margin-right:var(--wp--preset--spacing--50);margin-bottom:0;margin-left:var(--wp--preset--spacing--50)\">Chcesz, aby Twoje ksi\u0105\u017cki wygl\u0105da\u0142y wyj\u0105tkowo? Sprawd\u017a cennik moich r\u0119cznie malowanych brzeg\u00f3w i zam\u00f3w wariant, kt\u00f3ry najlepiej podkre\u015bli charakter Twojej kolekcji. <\/p>\n\n\n\n<p style=\"margin-right:var(--wp--preset--spacing--50);margin-bottom:var(--wp--preset--spacing--40);margin-left:var(--wp--preset--spacing--50)\">Podana cena obejmuje <strong>kompleksow\u0105 us\u0142ug\u0119<\/strong>, od pocz\u0105tku do ko\u0144ca: przygotowanie projektu, dodatkowe poprawki zgodne z \u017cyczeniem klienta, zabezpieczenie ok\u0142adki i stron przez zabrudzeniem, dob\u00f3r i u\u017cycie jako\u015bciowych materia\u0142\u00f3w, r\u0119czne malowanie brzeg\u00f3w, rozklejenie stron w razie potrzeby, zabezpieczenie ksi\u0105\u017cki na czas wysy\u0142ki, a tak\u017ce obs\u0142ug\u0119 klienta i profesjonalne doradztwo przy wyborze wzoru.<\/p>\n\n\n\n<figure class=\"wp-block-table aligncenter is-style-regular\" style=\"margin-top:0;margin-right:0;margin-bottom:0;margin-left:0;line-height:1.5\"><table class=\"has-background\" style=\"background:linear-gradient(155deg,rgb(6,147,227) 0%,rgb(234,154,154) 49%,rgb(155,81,224) 100%);border-width:1px\"><tbody><tr><td class=\"has-text-align-left\" data-align=\"left\"><strong>Malowanie jednokolorowe<\/strong><\/td><td><strong>30 z\u0142<\/strong><\/td><\/tr><tr><td class=\"has-text-align-left\" data-align=\"left\"><strong>Wzory proste<\/strong><\/td><td><strong>45 z\u0142<\/strong><\/td><\/tr><tr><td class=\"has-text-align-left\" data-align=\"left\"><strong>Wzory \u015bredniozaawansowane<\/strong><\/td><td><strong>55 z\u0142<\/strong><\/td><\/tr><tr><td class=\"has-text-align-left\" data-align=\"left\"><strong>Wzory zaawansowane<\/strong><\/td><td><strong>70 z\u0142<\/strong><\/td><\/tr><\/tbody><\/table><\/figure>\n\n\n\n<p style=\"margin-top:var(--wp--preset--spacing--50);margin-right:var(--wp--preset--spacing--50);margin-left:var(--wp--preset--spacing--50)\">W szczeg\u00f3lnych przypadkach, gdy zam\u00f3wiony przez Klienta projekt wykracza poza ustalone kategorie, us\u0142uga b\u0119dzie wyceniana indywidualnie.<\/p>\n\n\n\n<p style=\"margin-top:var(--wp--preset--spacing--10);margin-right:var(--wp--preset--spacing--50);margin-left:var(--wp--preset--spacing--50)\">Podane ceny dotycz\u0105 malowania <strong>jednego egzemplarza ksi\u0105\u017cki<\/strong> w wybranym wariancie. Nie obejmuj\u0105 ceny ksi\u0105\u017cki ani koszt\u00f3w wysy\u0142ki. Do odes\u0142ania pomalowanej ksi\u0105\u017cki korzystam<strong> z us\u0142ug firmy InPost<\/strong>. Na specjalne \u017cyczenie Klienta wysy\u0142ka mo\u017ce zosta\u0107 zrealizowana przez inn\u0105 firm\u0119 transportow\u0105 lub produkt mo\u017ce zosta\u0107 odebrany osobi\u015bcie. Koszt odes\u0142ania ksi\u0105\u017cki jest zgodny z cennikiem us\u0142ug wybranej firmy transportowej i zale\u017cy od wielko\u015bci paczki (m.in. ilo\u015b\u0107 oraz rozmiar ksi\u0105\u017cek).<\/p>\n","protected":false},"excerpt":{"rendered":"<p>Chcesz, aby Twoje ksi\u0105\u017cki wygl\u0105da\u0142y wyj\u0105tkowo? Sprawd\u017a cennik moich r\u0119cznie malowanych brzeg\u00f3w i zam\u00f3w wariant, kt\u00f3ry najlepiej podkre\u015bli charakter Twojej kolekcji. Podana cena obejmuje kompleksow\u0105 us\u0142ug\u0119, od pocz\u0105tku do ko\u0144ca: przygotowanie projektu, dodatkowe poprawki zgodne z \u017cyczeniem klienta, zabezpieczenie ok\u0142adki i stron przez zabrudzeniem, dob\u00f3r i u\u017cycie jako\u015bciowych materia\u0142\u00f3w, r\u0119czne malowanie brzeg\u00f3w, rozklejenie stron w [&hellip;]<\/p>\n","protected":false},"author":1,"featured_media":0,"parent":0,"menu_order":0,"comment_status":"closed","ping_status":"open","template":"full-width","meta":{"footnotes":""},"class_list":["post-2","page","type-page","status-publish","hentry"],"_links":{"self":[{"href":"https:\/\/stage.malowanebrzegi.pl\/index.php?rest_route=\/wp\/v2\/pages\/2","targetHints":{"allow":["GET"]}}],"collection":[{"href":"https:\/\/stage.malowanebrzegi.pl\/index.php?rest_route=\/wp\/v2\/pages"}],"about":[{"href":"https:\/\/stage.malowanebrzegi.pl\/index.php?rest_route=\/wp\/v2\/types\/page"}],"author":[{"embeddable":true,"href":"https:\/\/stage.malowanebrzegi.pl\/index.php?rest_route=\/wp\/v2\/users\/1"}],"replies":[{"embeddable":true,"href":"https:\/\/stage.malowanebrzegi.pl\/index.php?rest_route=%2Fwp%2Fv2%2Fcomments&post=2"}],"version-history":[{"count":13,"href":"https:\/\/stage.malowanebrzegi.pl\/index.php?rest_route=\/wp\/v2\/pages\/2\/revisions"}],"predecessor-version":[{"id":488,"href":"https:\/\/stage.malowanebrzegi.pl\/index.php?rest_route=\/wp\/v2\/pages\/2\/revisions\/488"}],"wp:attachment":[{"href":"https:\/\/stage.malowanebrzegi.pl\/index.php?rest_route=%2Fwp%2Fv2%2Fmedia&parent=2"}],"curies":[{"name":"wp","href":"https:\/\/api.w.org\/{rel}","templated":true}]}}