{"id":296,"date":"2026-03-06T12:43:28","date_gmt":"2026-03-06T11:43:28","guid":{"rendered":"https:\/\/wp.malowanebrzegi.pl\/?page_id=296"},"modified":"2026-03-10T12:48:30","modified_gmt":"2026-03-10T11:48:30","slug":"produkty","status":"publish","type":"page","link":"https:\/\/stage.malowanebrzegi.pl\/?page_id=296","title":{"rendered":"Produkty"},"content":{"rendered":"\n<section class=\"wp-block-cover r-cover\" style=\"margin-top:0;margin-bottom:0;min-height:266px;aspect-ratio:unset;\"><img loading=\"lazy\" decoding=\"async\" width=\"1024\" height=\"341\" class=\"wp-block-cover__image-background wp-image-370 size-large\" alt=\"Ksi\u0105\u017cki z malowanymi brzegami\" src=\"https:\/\/stage.malowanebrzegi.pl\/wp-content\/uploads\/2026\/03\/Projekt-bez-nazwy-7_w-1024x341.webp\" data-object-fit=\"cover\" srcset=\"https:\/\/stage.malowanebrzegi.pl\/wp-content\/uploads\/2026\/03\/Projekt-bez-nazwy-7_w-1024x341.webp 1024w, https:\/\/stage.malowanebrzegi.pl\/wp-content\/uploads\/2026\/03\/Projekt-bez-nazwy-7_w-300x100.webp 300w, https:\/\/stage.malowanebrzegi.pl\/wp-content\/uploads\/2026\/03\/Projekt-bez-nazwy-7_w-768x256.webp 768w, https:\/\/stage.malowanebrzegi.pl\/wp-content\/uploads\/2026\/03\/Projekt-bez-nazwy-7_w-1536x512.webp 1536w, https:\/\/stage.malowanebrzegi.pl\/wp-content\/uploads\/2026\/03\/Projekt-bez-nazwy-7_w.webp 1800w\" sizes=\"auto, (max-width: 1024px) 100vw, 1024px\" \/><span aria-hidden=\"true\" class=\"wp-block-cover__background has-black-background-color has-background-dim-60 has-background-dim\"><\/span><div class=\"wp-block-cover__inner-container is-layout-flow wp-block-cover-is-layout-flow\">\n<div class=\"wp-block-group consultinggrove-dark-inner-content has-global-padding is-layout-constrained wp-container-core-group-is-layout-f36bc466 wp-block-group-is-layout-constrained\">\n<h2 class=\"wp-block-heading has-text-align-center has-white-text-color-color has-text-color has-link-color wp-elements-a7637386b8525e8b1728604c327d7441\" style=\"font-size:clamp(31.609px, 1.976rem + ((1vw - 3.2px) * 1.648), 56px);\">Style malowanych brzeg\u00f3w<\/h2>\n<\/div>\n<\/div><\/section>\n\n\n\n<main class=\"wp-block-group is-layout-flow wp-block-group-is-layout-flow\" style=\"margin-top:0;margin-bottom:0;padding-top:0;padding-right:0;padding-bottom:0;padding-left:0\">\n<p style=\"margin-top:var(--wp--preset--spacing--40);margin-bottom:0\">Malowane brzegi ksi\u0105\u017cek pozwalaj\u0105 nada\u0107 ulubionym tytu\u0142om zupe\u0142nie nowy charakter i sprawi\u0107, \u017ce wyr\u00f3\u017cni\u0105 si\u0119 na p\u00f3\u0142ce. To wyj\u0105tkowa forma personalizacji, dzi\u0119ki kt\u00f3rej nawet dobrze znana ksi\u0105\u017cka mo\u017ce zyska\u0107 zupe\u0142nie nowy, artystyczny wygl\u0105d. W zale\u017cno\u015bci od wybranego stylu ksi\u0105\u017cka mo\u017ce otrzyma\u0107 subtelny, minimalistyczny akcent albo sta\u0107 si\u0119 wyrazist\u0105 ozdob\u0105 ca\u0142ej biblioteczki. R\u00f3\u017cne warianty zdobienia pozwalaj\u0105 dopasowa\u0107 efekt do charakteru ksi\u0105\u017cki, jej ok\u0142adki lub klimatu opowiadanej historii.<\/p>\n\n\n\n<p style=\"margin-top:var(--wp--preset--spacing--10);margin-bottom:var(--wp--preset--spacing--20)\">Oferuj\u0119 kilka wariant\u00f3w malowania brzeg\u00f3w \u2013 od prostych, jednokolorowych wyko\u0144cze\u0144, przez delikatne ornamenty i wielokolorowe kompozycje, a\u017c po pe\u0142ne, ilustracyjne wzory. Dzi\u0119ki temu mo\u017cesz wybra\u0107 rozwi\u0105zanie najlepiej pasuj\u0105ce do pojedynczego egzemplarza, ulubionej serii lub ca\u0142ej kolekcji ksi\u0105\u017cek.<\/p>\n\n\n\n<div class=\"wp-block-group wow animate__animated animate__slideInUp has-white-color has-black-background-color has-text-color has-background has-link-color wp-elements-20811d09b711f91c11379079aa84d1e2 has-global-padding is-layout-constrained wp-block-group-is-layout-constrained\" style=\"margin-top:0;margin-bottom:0;padding-top:var(--wp--preset--spacing--30);padding-bottom:var(--wp--preset--spacing--30)\">\n<div class=\"wp-block-group is-layout-grid wp-container-core-group-is-layout-85b0820e wp-block-group-is-layout-grid\" style=\"margin-top:40px;padding-top:var(--wp--preset--spacing--20);padding-bottom:var(--wp--preset--spacing--20)\">\n<div class=\"wp-block-group has-secondary-background-color has-background wp-container-content-073d6851 has-global-padding is-layout-constrained wp-container-core-group-is-layout-9a9ed70e wp-block-group-is-layout-constrained\" style=\"border-style:none;border-width:0px;border-top-left-radius:0px;border-top-right-radius:0px;border-bottom-left-radius:0px;border-bottom-right-radius:0px;min-height:400px;margin-top:0;margin-bottom:0;padding-top:var(--wp--preset--spacing--20);padding-right:var(--wp--preset--spacing--20);padding-bottom:var(--wp--preset--spacing--20);padding-left:var(--wp--preset--spacing--20);background-image:url(&apos;https:\/\/stage.malowanebrzegi.pl\/wp-content\/uploads\/2026\/03\/Malowanie-jednokolorowe.webp&apos;);background-size:cover;\">\n<div class=\"wp-block-group has-global-padding is-layout-constrained wp-block-group-is-layout-constrained\">\n<h2 class=\"wp-block-heading has-text-align-center\">Malowanie jednokolorowe<\/h2>\n\n\n\n<p class=\"has-text-align-center\"><strong>Jednokolorowe brzegi ksi\u0105\u017cek to najprostsza forma zdobienia. Jeden starannie dobrany kolor nadaje ksi\u0105\u017cce estetyczny wygl\u0105d i subtelnie wyr\u00f3\u017cnia j\u0105 na p\u00f3\u0142ce. To idealny wyb\u00f3r, je\u015bli lubisz minimalizm!<\/strong><\/p>\n<\/div>\n\n\n\n<div class=\"wp-block-buttons is-horizontal is-content-justification-center is-layout-flex wp-container-core-buttons-is-layout-bbfb3443 wp-block-buttons-is-layout-flex\" style=\"margin-top:var(--wp--preset--spacing--30);margin-bottom:var(--wp--preset--spacing--30)\">\n<div class=\"wp-block-button is-style-fill\"><a class=\"wp-block-button__link has-secondary-background-color has-background wp-element-button\" href=\"https:\/\/stage.malowanebrzegi.pl\/?page_id=15\" style=\"border-width:1px\">Zobacz przyk\u0142ady<\/a><\/div>\n<\/div>\n<\/div>\n\n\n\n<div class=\"wp-block-group has-secondary-background-color has-background has-global-padding is-layout-constrained wp-container-core-group-is-layout-c385debf wp-block-group-is-layout-constrained\" style=\"border-style:none;border-width:0px;border-top-left-radius:0px;border-top-right-radius:0px;border-bottom-left-radius:0px;border-bottom-right-radius:0px;min-height:400px;padding-top:var(--wp--preset--spacing--20);padding-right:var(--wp--preset--spacing--20);padding-bottom:var(--wp--preset--spacing--20);padding-left:var(--wp--preset--spacing--20);background-image:url(&apos;https:\/\/stage.malowanebrzegi.pl\/wp-content\/uploads\/2026\/03\/Wzory-proste.webp&apos;);background-position:49% 52%;background-size:cover;\">\n<h3 class=\"wp-block-heading has-text-align-center has-x-large-font-size\" style=\"padding-top:0;padding-bottom:0\">Wzory<br>proste<\/h3>\n\n\n\n<p class=\"has-text-align-center\"><strong>Malowane w tym stylu brzegi \u0142\u0105cz\u0105 kolorowe t\u0142o z delikatnymi, bia\u0142ymi zdobieniami &#8211; zazwyczaj takimi jak ornamenty, symbole, motywy ro\u015blinne czy drobne elementy zwi\u0105zane z fabu\u0142\u0105 ksi\u0105\u017cki. To \u015bwietna opcja dla os\u00f3b, kt\u00f3rym zale\u017cy na ciekawym efekcie, ale i niskiej cenie!<\/strong><\/p>\n\n\n\n<div class=\"wp-block-buttons is-horizontal is-content-justification-center is-layout-flex wp-container-core-buttons-is-layout-bbfb3443 wp-block-buttons-is-layout-flex\" style=\"margin-top:var(--wp--preset--spacing--30);margin-bottom:var(--wp--preset--spacing--30)\">\n<div class=\"wp-block-button\"><a class=\"wp-block-button__link has-secondary-background-color has-background wp-element-button\" href=\"https:\/\/stage.malowanebrzegi.pl\/?page_id=16\" style=\"border-width:1px\">Zobacz przyk\u0142ady<\/a><\/div>\n<\/div>\n<\/div>\n\n\n\n<div class=\"wp-block-group has-secondary-background-color has-background has-global-padding is-layout-constrained wp-container-core-group-is-layout-c385debf wp-block-group-is-layout-constrained\" style=\"border-style:none;border-width:0px;border-top-left-radius:0px;border-top-right-radius:0px;border-bottom-left-radius:0px;border-bottom-right-radius:0px;min-height:400px;padding-top:var(--wp--preset--spacing--20);padding-right:var(--wp--preset--spacing--20);padding-bottom:var(--wp--preset--spacing--20);padding-left:var(--wp--preset--spacing--20);background-image:url(&apos;https:\/\/stage.malowanebrzegi.pl\/wp-content\/uploads\/2026\/03\/Wzory-sredniozaawansowane.webp&apos;);background-size:cover;\">\n<h3 class=\"wp-block-heading has-text-align-center\" style=\"font-size:clamp(24.034px, 1.502rem + ((1vw - 3.2px) * 1.079), 40px);\">Wzory \u015bredniozaawansowane<\/h3>\n\n\n\n<p class=\"has-text-align-center\"><strong>Wielokolorowe brzegi umo\u017cliwiaj\u0105 tworzenie bogatszych kompozycji, gradientowego t\u0142a czy bardziej z\u0142o\u017conych motyw\u00f3w. Dzi\u0119ki u\u017cyciu kilku kolor\u00f3w wz\u00f3r staje si\u0119 wyrazisty, a ksi\u0105\u017cka zyskuje naprawd\u0119 wyj\u0105tkowy charakter. To popularny wyb\u00f3r dla os\u00f3b, kt\u00f3re chc\u0105, by ich egzemplarz naprawd\u0119 si\u0119 wyr\u00f3\u017cnia\u0142.<\/strong><\/p>\n\n\n\n<div class=\"wp-block-buttons is-horizontal is-content-justification-center is-layout-flex wp-container-core-buttons-is-layout-bbfb3443 wp-block-buttons-is-layout-flex\" style=\"margin-top:var(--wp--preset--spacing--30);margin-bottom:var(--wp--preset--spacing--30)\">\n<div class=\"wp-block-button\"><a class=\"wp-block-button__link has-secondary-background-color has-background wp-element-button\" href=\"https:\/\/stage.malowanebrzegi.pl\/?page_id=17\" style=\"border-width:1px\">Zobacz przyk\u0142ady<\/a><\/div>\n<\/div>\n<\/div>\n\n\n\n<div class=\"wp-block-group has-secondary-background-color has-background has-global-padding is-layout-constrained wp-container-core-group-is-layout-c385debf wp-block-group-is-layout-constrained\" style=\"border-style:none;border-width:0px;border-top-left-radius:0px;border-top-right-radius:0px;border-bottom-left-radius:0px;border-bottom-right-radius:0px;min-height:400px;padding-top:var(--wp--preset--spacing--20);padding-right:var(--wp--preset--spacing--20);padding-bottom:var(--wp--preset--spacing--20);padding-left:var(--wp--preset--spacing--20);background-image:url(&apos;https:\/\/stage.malowanebrzegi.pl\/wp-content\/uploads\/2026\/03\/Wzory-zaawansowane_w.webp&apos;);background-position:49% 35%;background-size:cover;\">\n<h3 class=\"wp-block-heading has-text-align-center\" style=\"font-size:clamp(24.034px, 1.502rem + ((1vw - 3.2px) * 1.079), 40px);\">Wzory<br>zaawansowane<\/h3>\n\n\n\n<p class=\"has-text-align-center\"><strong>Ten styl zachwyci wszystkie ok\u0142adkowe sroki, kt\u00f3re uwielbiaj\u0105 pi\u0119kne wydania. To z\u0142o\u017cone scenki inspirowane fabu\u0142\u0105 ksi\u0105\u017cki lub ilustracje obejmuj\u0105ce ca\u0142e serie, przechodz\u0105ce p\u0142ynnie z jednego tomu na drugi. R\u0119cznie malowane brzegi w wersji zaawansowanej wymagaj\u0105 bardzo precyzyjnej pracy, ale dzi\u0119ki temu ka\u017cda ksi\u0105\u017cka staje si\u0119 prawdziwym dzie\u0142em sztuki. To idealna opcja dla kolekcjoner\u00f3w, fan\u00f3w konkretnych serii i os\u00f3b szukaj\u0105cych niepowtarzalnego prezentu dla najbli\u017cszych.<\/strong><\/p>\n\n\n\n<div class=\"wp-block-buttons is-horizontal is-content-justification-center is-layout-flex wp-container-core-buttons-is-layout-bbfb3443 wp-block-buttons-is-layout-flex\" style=\"margin-top:var(--wp--preset--spacing--30);margin-bottom:var(--wp--preset--spacing--30)\">\n<div class=\"wp-block-button\"><a class=\"wp-block-button__link has-secondary-background-color has-background wp-element-button\" href=\"https:\/\/stage.malowanebrzegi.pl\/?page_id=18\" style=\"border-width:1px\">Zobacz przyk\u0142ady<\/a><\/div>\n<\/div>\n<\/div>\n<\/div>\n<\/div>\n<\/main>\n","protected":false},"excerpt":{"rendered":"<p>Malowane brzegi ksi\u0105\u017cek pozwalaj\u0105 nada\u0107 ulubionym tytu\u0142om zupe\u0142nie nowy charakter i sprawi\u0107, \u017ce wyr\u00f3\u017cni\u0105 si\u0119 na p\u00f3\u0142ce. To wyj\u0105tkowa forma personalizacji, dzi\u0119ki kt\u00f3rej nawet dobrze znana ksi\u0105\u017cka mo\u017ce zyska\u0107 zupe\u0142nie nowy, artystyczny wygl\u0105d. W zale\u017cno\u015bci od wybranego stylu ksi\u0105\u017cka mo\u017ce otrzyma\u0107 subtelny, minimalistyczny akcent albo sta\u0107 si\u0119 wyrazist\u0105 ozdob\u0105 ca\u0142ej biblioteczki. R\u00f3\u017cne warianty zdobienia pozwalaj\u0105 [&hellip;]<\/p>\n","protected":false},"author":1,"featured_media":0,"parent":0,"menu_order":0,"comment_status":"closed","ping_status":"closed","template":"","meta":{"footnotes":""},"class_list":["post-296","page","type-page","status-publish","hentry"],"_links":{"self":[{"href":"https:\/\/stage.malowanebrzegi.pl\/index.php?rest_route=\/wp\/v2\/pages\/296","targetHints":{"allow":["GET"]}}],"collection":[{"href":"https:\/\/stage.malowanebrzegi.pl\/index.php?rest_route=\/wp\/v2\/pages"}],"about":[{"href":"https:\/\/stage.malowanebrzegi.pl\/index.php?rest_route=\/wp\/v2\/types\/page"}],"author":[{"embeddable":true,"href":"https:\/\/stage.malowanebrzegi.pl\/index.php?rest_route=\/wp\/v2\/users\/1"}],"replies":[{"embeddable":true,"href":"https:\/\/stage.malowanebrzegi.pl\/index.php?rest_route=%2Fwp%2Fv2%2Fcomments&post=296"}],"version-history":[{"count":7,"href":"https:\/\/stage.malowanebrzegi.pl\/index.php?rest_route=\/wp\/v2\/pages\/296\/revisions"}],"predecessor-version":[{"id":425,"href":"https:\/\/stage.malowanebrzegi.pl\/index.php?rest_route=\/wp\/v2\/pages\/296\/revisions\/425"}],"wp:attachment":[{"href":"https:\/\/stage.malowanebrzegi.pl\/index.php?rest_route=%2Fwp%2Fv2%2Fmedia&parent=296"}],"curies":[{"name":"wp","href":"https:\/\/api.w.org\/{rel}","templated":true}]}}